{"id":7,"date":"2016-12-18T13:56:30","date_gmt":"2016-12-18T13:56:30","guid":{"rendered":"http:\/\/www.tuomosalminen.fi\/wordpress\/?page_id=7"},"modified":"2016-12-26T19:39:08","modified_gmt":"2016-12-26T17:39:08","slug":"lisensiaattityo","status":"publish","type":"page","link":"https:\/\/tuomosalminen.fi\/wordpress\/?page_id=7","title":{"rendered":"Lisensiaattitutkielma"},"content":{"rendered":"<dl>\n<dd>\n<p style=\"text-align: left;\"><span style=\"color: #0000ff;\"><a href=\"http:\/\/www.tuomosalminen.fi\/lisuri.html\">V\u00e4est\u00f6n ik\u00e4rakenteen tutkiminen Coulson-indeksi\u00e4 soveltaen (1997) ja sen tiivistelm\u00e4.<\/a><\/span><\/p>\n<\/dd>\n<\/dl>\n","protected":false},"excerpt":{"rendered":"<p>V\u00e4est\u00f6n ik\u00e4rakenteen tutkiminen Coulson-indeksi\u00e4 soveltaen (1997) ja sen tiivistelm\u00e4.<\/p>\n","protected":false},"author":1,"featured_media":0,"parent":0,"menu_order":0,"comment_status":"closed","ping_status":"closed","template":"","meta":{"footnotes":""},"class_list":["post-7","page","type-page","status-publish","hentry","ratio-16-9","entry"],"_links":{"self":[{"href":"https:\/\/tuomosalminen.fi\/wordpress\/index.php?rest_route=\/wp\/v2\/pages\/7","targetHints":{"allow":["GET"]}}],"collection":[{"href":"https:\/\/tuomosalminen.fi\/wordpress\/index.php?rest_route=\/wp\/v2\/pages"}],"about":[{"href":"https:\/\/tuomosalminen.fi\/wordpress\/index.php?rest_route=\/wp\/v2\/types\/page"}],"author":[{"embeddable":true,"href":"https:\/\/tuomosalminen.fi\/wordpress\/index.php?rest_route=\/wp\/v2\/users\/1"}],"replies":[{"embeddable":true,"href":"https:\/\/tuomosalminen.fi\/wordpress\/index.php?rest_route=%2Fwp%2Fv2%2Fcomments&post=7"}],"version-history":[{"count":6,"href":"https:\/\/tuomosalminen.fi\/wordpress\/index.php?rest_route=\/wp\/v2\/pages\/7\/revisions"}],"predecessor-version":[{"id":86,"href":"https:\/\/tuomosalminen.fi\/wordpress\/index.php?rest_route=\/wp\/v2\/pages\/7\/revisions\/86"}],"wp:attachment":[{"href":"https:\/\/tuomosalminen.fi\/wordpress\/index.php?rest_route=%2Fwp%2Fv2%2Fmedia&parent=7"}],"curies":[{"name":"wp","href":"https:\/\/api.w.org\/{rel}","templated":true}]}}