{"id":11,"date":"2016-12-18T13:59:11","date_gmt":"2016-12-18T13:59:11","guid":{"rendered":"http:\/\/www.tuomosalminen.fi\/wordpress\/?page_id=11"},"modified":"2021-06-06T15:47:05","modified_gmt":"2021-06-06T13:47:05","slug":"master-thesis","status":"publish","type":"page","link":"https:\/\/tuomosalminen.fi\/wordpress\/?page_id=11","title":{"rendered":"Master thesis"},"content":{"rendered":"<dl>\n<dd>\n<p style=\"text-align: left;\"><span style=\"color: #0000ff;\"><a href=\"http:\/\/www.tuomosalminen.fi\/wordpress\/wp-content\/uploads\/2016\/12\/gradu.html\">S\u00e4\u00e4ksm\u00e4en, H\u00e4meen l\u00e4\u00e4nin ja Suomen v\u00e4est\u00f6llinen muuntuminen: vertailu kolmella aluetasolla (1985)<\/a><\/span><\/p>\n<\/dd>\n<\/dl>\n<p>&nbsp;<\/p>\n","protected":false},"excerpt":{"rendered":"<p>S\u00e4\u00e4ksm\u00e4en, H\u00e4meen l\u00e4\u00e4nin ja Suomen v\u00e4est\u00f6llinen muuntuminen: vertailu kolmella aluetasolla (1985) &nbsp;<\/p>\n","protected":false},"author":1,"featured_media":0,"parent":0,"menu_order":0,"comment_status":"closed","ping_status":"closed","template":"","meta":{"footnotes":""},"class_list":["post-11","page","type-page","status-publish","hentry","ratio-16-9","entry"],"_links":{"self":[{"href":"https:\/\/tuomosalminen.fi\/wordpress\/index.php?rest_route=\/wp\/v2\/pages\/11","targetHints":{"allow":["GET"]}}],"collection":[{"href":"https:\/\/tuomosalminen.fi\/wordpress\/index.php?rest_route=\/wp\/v2\/pages"}],"about":[{"href":"https:\/\/tuomosalminen.fi\/wordpress\/index.php?rest_route=\/wp\/v2\/types\/page"}],"author":[{"embeddable":true,"href":"https:\/\/tuomosalminen.fi\/wordpress\/index.php?rest_route=\/wp\/v2\/users\/1"}],"replies":[{"embeddable":true,"href":"https:\/\/tuomosalminen.fi\/wordpress\/index.php?rest_route=%2Fwp%2Fv2%2Fcomments&post=11"}],"version-history":[{"count":12,"href":"https:\/\/tuomosalminen.fi\/wordpress\/index.php?rest_route=\/wp\/v2\/pages\/11\/revisions"}],"predecessor-version":[{"id":143,"href":"https:\/\/tuomosalminen.fi\/wordpress\/index.php?rest_route=\/wp\/v2\/pages\/11\/revisions\/143"}],"wp:attachment":[{"href":"https:\/\/tuomosalminen.fi\/wordpress\/index.php?rest_route=%2Fwp%2Fv2%2Fmedia&parent=11"}],"curies":[{"name":"wp","href":"https:\/\/api.w.org\/{rel}","templated":true}]}}